{"id":9965,"date":"2016-01-30T19:33:34","date_gmt":"2016-01-30T19:33:34","guid":{"rendered":"https:\/\/www.thepornlist.net\/de\/image-gallery-sites\/eastbabes\/"},"modified":"2019-05-07T10:18:00","modified_gmt":"2019-05-07T10:18:00","slug":"eastbabes","status":"publish","type":"page","link":"https:\/\/www.thepornlist.net\/de\/image-gallery-sites\/eastbabes\/","title":{"rendered":"eastbabes.com"},"content":{"rendered":"<div class=\"pb\">\n<div class=\"hd\">\n<a href=\"https:\/\/www.thepornlist.net\/de\/\" base target=\"_self\">Zur\u00fcck zur Startseite<\/a>\n<\/div>\n<div class=\"hd2\">\n<span style=\"font-style:normal;font-weight:bold;\">Seitenbewertung<\/span>\n<\/div>\n<\/div>\n<div style=\"width:100%; margin-left:auto; margin-right:auto; clear:both;z-index:1; padding-top:5px; border-radius: 2px;\">\n<div class=\"reviewimg\">\n<p><a href=\"http:\/\/www.eastbabes.com\/\" base target=\"_self\"><img decoding=\"async\" src=\"https:\/\/www.thepornlist.net\/wp-content\/uploads\/2015\/review\/eastbabes.jpg\" width=\"500\" height=\"500\" alt=\"Porn Tube\"><\/a><\/p>\n<\/div>\n<div class=\"reviewtitle\">\n<h1 style=\"font-family:Arial;font-size:56px;font-style:normal;font-weight:bold;color:#FF1F78;\">eastbabes<\/h1>\n<\/div>\n<div class=\"reviewsub\">\n<h2 style=\"font-size:14px;font-style:normal;font-weight:bold;\">eastbabes.com<\/H2>\n<\/div>\n<div class=\"reviewtext\">\n<span style=\"font-size:16px;font-style:normal;\">Hast du von einem Ort getr\u00e4umt, an dem du nur hei\u00dfe Babes aus dem Osten zu sehen bekommst? Nun, es ist Zeit f\u00fcr dich mit dem tr\u00e4umen aufzuh\u00f6ren! Die hei\u00dfesten Luder aus dem Osten sind genau hier bei EastBabes.com! Diese Webseite hat die sch\u00f6nsten und exotischsten Frauen aus L\u00e4ndern wie Japan, Thailand, Mexiko und Brasilien in sehr sch\u00f6nen Foto Galerien.<\/br><\/p>\n<p>Willkommen bei EastBabes.com, einer perfekt organisierten Webseite! \u00dcber der Kopfleiste kannst du die 5 Kategorien der Webseite sehen: Asiatinnen, Thais, Japanerinnen, Exotinnen und Schwarze. Jede dieser Kategorien wird dich mit ihren Bildern umhauen! Jede Foto Galerie hat 15 Bilder einer exotischen Frau in Stellungen, denen man unm\u00f6glich widerstehen kann.<\/br><\/p>\n<p>Unter jedem Set in den Galerien ist eine Liste von Premium Seiten aus denen du ausw\u00e4hlen kannst. Jede Webseite ist bewertet, so dass die die Anzahl von Sternen, die sie dank der Qualit\u00e4t ihres Mitgliederbereichs bekommen hat, sehen kannst. Au\u00dferdem kannst du sehen wie viel du zahlen musst wenn du 1, 2, 3 mal oder sogar einen Monat auf eine der hier pr\u00e4sentierten Webseiten zugreifen willst.<\/br> <\/p>\n<p>Du kannst aussuchen zwischen den Top empfohlenen Seiten, exzellenten Seiten, Seiten mit hoher Qualit\u00e4t, Qualit\u00e4tsseiten, Standard Seiten, durchschnittlichen Seiten und nicht empfohlenen Seiten. Also, besuche EastBabes.com jetzt!<br \/>\n<\/span>\n<\/div>\n<div class=\"reviewsiteurl\">\n<a href=\"http:\/\/www.eastbabes.com\/\" base target=\"_self\"><span style=\"font-size:32px;font-style:normal;font-weight:bold;text-decoration:underline;\">Hier klicken, um die webseite zu besuchen <\/span><\/a>\n<\/div>\n<\/div>\n","protected":false},"excerpt":{"rendered":"<p>Zur\u00fcck zur Startseite Seitenbewertung eastbabes eastbabes.com Hast du von einem Ort getr\u00e4umt, an dem du nur hei\u00dfe Babes aus dem Osten zu sehen bekommst? Nun, es ist Zeit f\u00fcr dich mit dem tr\u00e4umen aufzuh\u00f6ren! Die hei\u00dfesten Luder aus dem Osten sind genau hier bei EastBabes.com! Diese Webseite hat die sch\u00f6nsten und exotischsten Frauen aus L\u00e4ndern <a href='https:\/\/www.thepornlist.net\/de\/image-gallery-sites\/eastbabes\/' class='excerpt-more'>[&#8230;]<\/a><\/p>\n","protected":false},"author":1,"featured_media":0,"parent":9763,"menu_order":18070,"comment_status":"closed","ping_status":"closed","template":"0-autofill-tpl-template.php","meta":{"_acf_changed":false,"footnotes":""},"tags":[],"acf":[],"aioseo_notices":[],"_links":{"self":[{"href":"https:\/\/www.thepornlist.net\/de\/wp-json\/wp\/v2\/pages\/9965"}],"collection":[{"href":"https:\/\/www.thepornlist.net\/de\/wp-json\/wp\/v2\/pages"}],"about":[{"href":"https:\/\/www.thepornlist.net\/de\/wp-json\/wp\/v2\/types\/page"}],"author":[{"embeddable":true,"href":"https:\/\/www.thepornlist.net\/de\/wp-json\/wp\/v2\/users\/1"}],"replies":[{"embeddable":true,"href":"https:\/\/www.thepornlist.net\/de\/wp-json\/wp\/v2\/comments?post=9965"}],"version-history":[{"count":0,"href":"https:\/\/www.thepornlist.net\/de\/wp-json\/wp\/v2\/pages\/9965\/revisions"}],"up":[{"embeddable":true,"href":"https:\/\/www.thepornlist.net\/de\/wp-json\/wp\/v2\/pages\/9763"}],"wp:attachment":[{"href":"https:\/\/www.thepornlist.net\/de\/wp-json\/wp\/v2\/media?parent=9965"}],"wp:term":[{"taxonomy":"post_tag","embeddable":true,"href":"https:\/\/www.thepornlist.net\/de\/wp-json\/wp\/v2\/tags?post=9965"}],"curies":[{"name":"wp","href":"https:\/\/api.w.org\/{rel}","templated":true}]}}