{"id":9972,"date":"2016-01-26T19:36:10","date_gmt":"2016-01-26T19:36:10","guid":{"rendered":"https:\/\/www.thepornlist.net\/de\/streamate\/"},"modified":"2019-05-24T11:56:04","modified_gmt":"2019-05-24T11:56:04","slug":"streamate","status":"publish","type":"page","link":"https:\/\/www.thepornlist.net\/de\/best-sex-cam-sites\/streamate\/","title":{"rendered":"streamate.com"},"content":{"rendered":"<div class=\"pb\">\n<div class=\"hd\">\n<a href=\"https:\/\/www.thepornlist.net\/de\/\" base target=\"_self\">Zur\u00fcck zur Startseite<\/a>\n<\/div>\n<div class=\"hd2\">\n<span style=\"font-style:normal;font-weight:bold;\">Seitenbewertung<\/span>\n<\/div>\n<\/div>\n<div style=\"width:100%; margin-left:auto; margin-right:auto; clear:both;z-index:1; padding-top:5px; border-radius: 2px;\">\n<div class=\"reviewimg\">\n<p><a href=\"http:\/\/www.streamate.com\/?DF=0&#038;AFNO=1-0-630864-350370&#038;UHNSMTY=303\" base target=\"_self\"><img decoding=\"async\" src=\"https:\/\/www.thepornlist.net\/wp-content\/uploads\/camrev\/streamate.jpg\" width=\"500\" height=\"500\" alt=\"Porn Tube\"><\/a><\/p>\n<\/div>\n<div class=\"reviewtitle\">\n<h1 style=\"font-family:Arial;font-size:56px;font-style:normal;font-weight:bold;color:#FF1F78;\">streamate<\/h1>\n<\/div>\n<div class=\"reviewsub\">\n<h2 style=\"font-size:14px;font-style:normal;font-weight:bold;\">streamate.com<\/H2>\n<\/div>\n<div class=\"reviewtext\">\n<span style=\"font-size:16px;font-style:normal;\">Lass mich hiermit beginnen: \u201e Die geilsten live Webcams mit nackten Amateure. Komm und schau dir Tausende von hei\u00dfen Camgirls und Boys an, die sich mit jedem Sexspielzeug, das du dir nur vorstellen kannst, vergn\u00fcgen. Schau ihnen in HD zu und habe gleichzeitig Telefonsex. Hunderte von exklusiven neuen Sexvideos werden jeden Tag hinzugef\u00fcgt, f\u00fcr den Fall, dass du etwas von der live Action verpasst hast! Sieh dir die Vorschau jeder live Sexshow an und mach umsonst mit.\u201c Was denkst du? Sollen wir weiter machen?<\/br><\/p>\n<p>Streamate.com ist eine live Sex Webseite mit der oben genannten Beschreibung. Mit Models aus Nischen wie Teen, blond, br\u00fcnett, rothaarig, asiatisch, Ebony, Latina, Hausfrauen, anal, Paare oder spezielle Cams (reife Frauen, BBW, gro\u00dfe Br\u00fcste, BDSM, schwanger, Leder, rauchen. Spielzeuge, F\u00fc\u00dfe, Unterw\u00e4sche), ist Streamate eine nett aussehende Webseite, die es dir gestattet sch\u00f6ne Momente mit hei\u00dfen Models zu genie\u00dfen, die f\u00fcr dich vor ihrer Kamera auftreten, in ihren Schlafzimmern oder im Studio an 24 Stunden und sieben Tagen in der Woche.<\/br> <\/p>\n<p>Es scheint als ob du dich kostenlos anmelden kannst und fast alle ihre Kameras senden in HD. Sie haben Dutzende an Seiten mit Models und wenn du so viel Abwechslung hast, kannst du nichts falsch machen. Besuche Streamate und sag mir, was da davon h\u00e4ltst. Deine Meinung ist wichtig!<br \/>\n<\/span>\n<\/div>\n<div class=\"reviewsiteurl\">\n<a href=\"http:\/\/www.streamate.com\/?DF=0&#038;AFNO=1-0-630864-350370&#038;UHNSMTY=303\" base target=\"_self\"><span style=\"font-size:32px;font-style:normal;font-weight:bold;text-decoration:underline;\">Hier klicken, um die webseite zu besuchen <\/span><\/a>\n<\/div>\n<\/div>\n","protected":false},"excerpt":{"rendered":"<p>Zur\u00fcck zur Startseite Seitenbewertung streamate streamate.com Lass mich hiermit beginnen: \u201e Die geilsten live Webcams mit nackten Amateure. Komm und schau dir Tausende von hei\u00dfen Camgirls und Boys an, die sich mit jedem Sexspielzeug, das du dir nur vorstellen kannst, vergn\u00fcgen. Schau ihnen in HD zu und habe gleichzeitig Telefonsex. Hunderte von exklusiven neuen Sexvideos <a href='https:\/\/www.thepornlist.net\/de\/best-sex-cam-sites\/streamate\/' class='excerpt-more'>[&#8230;]<\/a><\/p>\n","protected":false},"author":1,"featured_media":0,"parent":9987,"menu_order":33050,"comment_status":"closed","ping_status":"closed","template":"0-autofill-tpl-template.php","meta":{"_acf_changed":false,"footnotes":""},"tags":[],"acf":[],"aioseo_notices":[],"_links":{"self":[{"href":"https:\/\/www.thepornlist.net\/de\/wp-json\/wp\/v2\/pages\/9972"}],"collection":[{"href":"https:\/\/www.thepornlist.net\/de\/wp-json\/wp\/v2\/pages"}],"about":[{"href":"https:\/\/www.thepornlist.net\/de\/wp-json\/wp\/v2\/types\/page"}],"author":[{"embeddable":true,"href":"https:\/\/www.thepornlist.net\/de\/wp-json\/wp\/v2\/users\/1"}],"replies":[{"embeddable":true,"href":"https:\/\/www.thepornlist.net\/de\/wp-json\/wp\/v2\/comments?post=9972"}],"version-history":[{"count":0,"href":"https:\/\/www.thepornlist.net\/de\/wp-json\/wp\/v2\/pages\/9972\/revisions"}],"up":[{"embeddable":true,"href":"https:\/\/www.thepornlist.net\/de\/wp-json\/wp\/v2\/pages\/9987"}],"wp:attachment":[{"href":"https:\/\/www.thepornlist.net\/de\/wp-json\/wp\/v2\/media?parent=9972"}],"wp:term":[{"taxonomy":"post_tag","embeddable":true,"href":"https:\/\/www.thepornlist.net\/de\/wp-json\/wp\/v2\/tags?post=9972"}],"curies":[{"name":"wp","href":"https:\/\/api.w.org\/{rel}","templated":true}]}}