{"id":9973,"date":"2016-01-26T19:35:57","date_gmt":"2016-01-26T19:35:57","guid":{"rendered":"https:\/\/www.thepornlist.net\/de\/mytrannycams\/"},"modified":"2019-05-23T08:15:01","modified_gmt":"2019-05-23T08:15:01","slug":"mytrannycams","status":"publish","type":"page","link":"https:\/\/www.thepornlist.net\/de\/best-sex-cam-sites\/mytrannycams\/","title":{"rendered":"mytrannycams.com"},"content":{"rendered":"<div class=\"pb\">\n<div class=\"hd\">\n<a href=\"https:\/\/www.thepornlist.net\/de\/\" base target=\"_self\">Zur\u00fcck zur Startseite<\/a>\n<\/div>\n<div class=\"hd2\">\n<span style=\"font-style:normal;font-weight:bold;\">Seitenbewertung<\/span>\n<\/div>\n<\/div>\n<div style=\"width:100%; margin-left:auto; margin-right:auto; clear:both;z-index:1; padding-top:5px; border-radius: 2px;\">\n<div class=\"reviewimg\">\n<p><a href=\"http:\/\/jmp.awempire.com\/?siteId=myt&amp;cobrandId=&amp;superCategoryName=&amp;categoryName=&#038;pageName=home&#038;performerName=&#038;prm[psid]=thepornlist&#038;prm[pstool]=205_1&#038;prm[psprogram]=pps&#038;prm[campaign_id]=&amp;subAffId={SUBAFFID}\" base target=\"_self\"><img decoding=\"async\" src=\"https:\/\/www.thepornlist.net\/wp-content\/uploads\/camrev\/mytrannycams.jpg\" width=\"500\" height=\"500\" alt=\"Porn Tube\"><\/a><\/p>\n<\/div>\n<div class=\"reviewtitle\">\n<h1 style=\"font-family:Arial;font-size:56px;font-style:normal;font-weight:bold;color:#FF1F78;\">mytrannycams<\/h1>\n<\/div>\n<div class=\"reviewsub\">\n<h2 style=\"font-size:14px;font-style:normal;font-weight:bold;\">mytrannycams.com<\/H2>\n<\/div>\n<div class=\"reviewtext\">\n<span style=\"font-size:16px;font-style:normal;\">MyTrannyCams ist eine Webseite auf der du Transen live vor ihren Sex Cams sehen kannst. Wenn du diese Videochat Webseite betrittst, wirst du denken, du w\u00e4rst auf einer ganz normalen Plattform. Aber nein, diese Models haben etwas, das sie von deinen gewohnten Darstellern unterscheidet und du solltest ein echter Fan dieser Nische sein wenn du deinen Fu\u00df auf die Seite setzt.<\/br><\/p>\n<p>MyTrannyCams scheint eine Verbindung zu LiveJasmin zu haben und alles sieht so aus wie auf der originalen Webseite. Mit Optionen wie Transe, Paar, Gruppen, asiatisch, Ebony, wei\u00df, lateinamerikanisch, Tattoo, Str\u00fcmpfe, anal, Sex, Striptease, rauchen, Nahaufnahme, fingern, Fu\u00dfjob, Dom, live Orgasmus, Spielzeug und deepthroat, \u00f6ffnet MyTrannyCams dir die T\u00fcr um dich sehen zu lassen wie Shemales live versaute Dinge vor der Kamera treiben.<\/br><\/p>\n<p>Es scheint, als ob die meisten ihrer Kameras in HD sind, mit Ton oder sogar Ton auf beiden Seiten. Die Homepage zeigt die dir Models auf gro\u00dfen Vorschaubildern und wenn du deinen Mauszeiger auf irgendeines bewegst wirst du einen live Blick in den Raum werfen k\u00f6nnen um zu sehen ob dir das Model wirklich gef\u00e4llt oder nicht. Von dort aus kannst du klicken und deine Reise zwischen Shemales, Transen, Ladyboys und Dollars wird mit einem Wimpernschlag beginnen.<br \/>\n<\/span>\n<\/div>\n<div class=\"reviewsiteurl\">\n<a href=\"http:\/\/jmp.awempire.com\/?siteId=myt&amp;cobrandId=&amp;superCategoryName=&amp;categoryName=&#038;pageName=home&#038;performerName=&#038;prm[psid]=thepornlist&#038;prm[pstool]=205_1&#038;prm[psprogram]=pps&#038;prm[campaign_id]=&amp;subAffId={SUBAFFID}\" base target=\"_self\"><span style=\"font-size:32px;font-style:normal;font-weight:bold;text-decoration:underline;\">Hier klicken, um die webseite zu besuchen <\/span><\/a>\n<\/div>\n<\/div>\n","protected":false},"excerpt":{"rendered":"<p>Zur\u00fcck zur Startseite Seitenbewertung mytrannycams mytrannycams.com MyTrannyCams ist eine Webseite auf der du Transen live vor ihren Sex Cams sehen kannst. Wenn du diese Videochat Webseite betrittst, wirst du denken, du w\u00e4rst auf einer ganz normalen Plattform. Aber nein, diese Models haben etwas, das sie von deinen gewohnten Darstellern unterscheidet und du solltest ein echter <a href='https:\/\/www.thepornlist.net\/de\/best-sex-cam-sites\/mytrannycams\/' class='excerpt-more'>[&#8230;]<\/a><\/p>\n","protected":false},"author":1,"featured_media":0,"parent":9987,"menu_order":8850,"comment_status":"closed","ping_status":"closed","template":"0-autofill-tpl-template.php","meta":{"_acf_changed":false,"footnotes":""},"tags":[],"acf":[],"aioseo_notices":[],"_links":{"self":[{"href":"https:\/\/www.thepornlist.net\/de\/wp-json\/wp\/v2\/pages\/9973"}],"collection":[{"href":"https:\/\/www.thepornlist.net\/de\/wp-json\/wp\/v2\/pages"}],"about":[{"href":"https:\/\/www.thepornlist.net\/de\/wp-json\/wp\/v2\/types\/page"}],"author":[{"embeddable":true,"href":"https:\/\/www.thepornlist.net\/de\/wp-json\/wp\/v2\/users\/1"}],"replies":[{"embeddable":true,"href":"https:\/\/www.thepornlist.net\/de\/wp-json\/wp\/v2\/comments?post=9973"}],"version-history":[{"count":0,"href":"https:\/\/www.thepornlist.net\/de\/wp-json\/wp\/v2\/pages\/9973\/revisions"}],"up":[{"embeddable":true,"href":"https:\/\/www.thepornlist.net\/de\/wp-json\/wp\/v2\/pages\/9987"}],"wp:attachment":[{"href":"https:\/\/www.thepornlist.net\/de\/wp-json\/wp\/v2\/media?parent=9973"}],"wp:term":[{"taxonomy":"post_tag","embeddable":true,"href":"https:\/\/www.thepornlist.net\/de\/wp-json\/wp\/v2\/tags?post=9973"}],"curies":[{"name":"wp","href":"https:\/\/api.w.org\/{rel}","templated":true}]}}