{"id":9974,"date":"2016-01-26T19:35:52","date_gmt":"2016-01-26T19:35:52","guid":{"rendered":"https:\/\/www.thepornlist.net\/de\/streamen\/"},"modified":"2019-05-24T11:51:33","modified_gmt":"2019-05-24T11:51:33","slug":"streamen","status":"publish","type":"page","link":"https:\/\/www.thepornlist.net\/de\/best-sex-cam-sites\/streamen\/","title":{"rendered":"streamen.com"},"content":{"rendered":"<div class=\"pb\">\n<div class=\"hd\">\n<a href=\"https:\/\/www.thepornlist.net\/de\/\" base target=\"_self\">Zur\u00fcck zur Startseite<\/a>\n<\/div>\n<div class=\"hd2\">\n<span style=\"font-style:normal;font-weight:bold;\">Seitenbewertung<\/span>\n<\/div>\n<\/div>\n<div style=\"width:100%; margin-left:auto; margin-right:auto; clear:both;z-index:1; padding-top:5px; border-radius: 2px;\">\n<div class=\"reviewimg\">\n<p><a href=\"http:\/\/www.streamen.com\/?DF=0&#038;AFNO=1-0-630864-350370&#038;UHNSMTY=365\" base target=\"_self\"><img decoding=\"async\" src=\"https:\/\/www.thepornlist.net\/wp-content\/uploads\/camrev\/streamen.jpg\" width=\"500\" height=\"500\" alt=\"Porn Tube\"><\/a><\/p>\n<\/div>\n<div class=\"reviewtitle\">\n<h1 style=\"font-family:Arial;font-size:56px;font-style:normal;font-weight:bold;color:#FF1F78;\">streamen<\/h1>\n<\/div>\n<div class=\"reviewsub\">\n<h2 style=\"font-size:14px;font-style:normal;font-weight:bold;\">streamen.com<\/H2>\n<\/div>\n<div class=\"reviewtext\">\n<span style=\"font-size:16px;font-style:normal;\">Streamen.com ist eine Live Cam Webseite, auf der m\u00e4nnliche live Amateure f\u00fcr dich verschiedene Handlungen f\u00fcr Erwachsene darstellen. Es scheint als ob die Webseite eine Menge Kategorien hat unter denen du die m\u00e4nnlichen Models sehen kannst.<\/br><\/p>\n<p>Willkommen bei Streamen \u2013 alternativ, asiatisch, athletisch, BDSM, B\u00e4ren, gro\u00dfer Schwanz, bisexuell, schwarz, College, Paare, Daddy, schwul, schwuler Nachbar, Latino, reif, muskul\u00f6s, heterosexuell, Schnuckelchen, unbeschnitten und noch viele andere Nischen mehr.<\/br>  <\/p>\n<p>Die Navigationsleiste bietet dir viele Optionen, die du benutzen kannst um ein bestimmtes Model zu suchen \u2013 ein Kasten mit einer Suchfunktion ist genau in der Mitte und daneben hast du ein erweitertes Hilfsmittel, das du benutzen kannst. Du kannst auch das Aufklappmen\u00fc f\u00fcr weitere M\u00f6glichkeiten nutzen wie HD Cams, hochqualitatives Streaming, R\u00e4ume mit Audio oder Telefon, Party Chats oder goldene Shows. Ver\u00e4ndere die Region aus der du Models sehen willst oder \u00e4ndere die Sprache des Chats. Wenn du neue Darsteller sehen willst, nutze den Link, der sich rechts neben dem Loge befindet, in deiner oberen linken Ecke. Ich wei\u00df nicht, was ich dir noch \u00fcber diesen Ort erz\u00e4hlen kann, au\u00dfer der Tatsache, dass du unbedingt hier vorbei schauen musst wenn deine sexuelle Orientierung zu diesen Inhalten passt.<br \/>\n<\/span>\n<\/div>\n<div class=\"reviewsiteurl\">\n<a href=\"http:\/\/www.streamen.com\/?DF=0&#038;AFNO=1-0-630864-350370&#038;UHNSMTY=365\" base target=\"_self\"><span style=\"font-size:32px;font-style:normal;font-weight:bold;text-decoration:underline;\">Hier klicken, um die webseite zu besuchen <\/span><\/a>\n<\/div>\n<\/div>\n","protected":false},"excerpt":{"rendered":"<p>Zur\u00fcck zur Startseite Seitenbewertung streamen streamen.com Streamen.com ist eine Live Cam Webseite, auf der m\u00e4nnliche live Amateure f\u00fcr dich verschiedene Handlungen f\u00fcr Erwachsene darstellen. Es scheint als ob die Webseite eine Menge Kategorien hat unter denen du die m\u00e4nnlichen Models sehen kannst. Willkommen bei Streamen \u2013 alternativ, asiatisch, athletisch, BDSM, B\u00e4ren, gro\u00dfer Schwanz, bisexuell, schwarz, <a href='https:\/\/www.thepornlist.net\/de\/best-sex-cam-sites\/streamen\/' class='excerpt-more'>[&#8230;]<\/a><\/p>\n","protected":false},"author":1,"featured_media":0,"parent":9987,"menu_order":29630,"comment_status":"closed","ping_status":"closed","template":"0-autofill-tpl-template.php","meta":{"_acf_changed":false,"footnotes":""},"tags":[],"acf":[],"aioseo_notices":[],"_links":{"self":[{"href":"https:\/\/www.thepornlist.net\/de\/wp-json\/wp\/v2\/pages\/9974"}],"collection":[{"href":"https:\/\/www.thepornlist.net\/de\/wp-json\/wp\/v2\/pages"}],"about":[{"href":"https:\/\/www.thepornlist.net\/de\/wp-json\/wp\/v2\/types\/page"}],"author":[{"embeddable":true,"href":"https:\/\/www.thepornlist.net\/de\/wp-json\/wp\/v2\/users\/1"}],"replies":[{"embeddable":true,"href":"https:\/\/www.thepornlist.net\/de\/wp-json\/wp\/v2\/comments?post=9974"}],"version-history":[{"count":0,"href":"https:\/\/www.thepornlist.net\/de\/wp-json\/wp\/v2\/pages\/9974\/revisions"}],"up":[{"embeddable":true,"href":"https:\/\/www.thepornlist.net\/de\/wp-json\/wp\/v2\/pages\/9987"}],"wp:attachment":[{"href":"https:\/\/www.thepornlist.net\/de\/wp-json\/wp\/v2\/media?parent=9974"}],"wp:term":[{"taxonomy":"post_tag","embeddable":true,"href":"https:\/\/www.thepornlist.net\/de\/wp-json\/wp\/v2\/tags?post=9974"}],"curies":[{"name":"wp","href":"https:\/\/api.w.org\/{rel}","templated":true}]}}