{"id":9975,"date":"2016-01-26T19:35:47","date_gmt":"2016-01-26T19:35:47","guid":{"rendered":"https:\/\/www.thepornlist.net\/de\/cameraboys\/"},"modified":"2019-05-24T11:49:43","modified_gmt":"2019-05-24T11:49:43","slug":"cameraboys","status":"publish","type":"page","link":"https:\/\/www.thepornlist.net\/de\/best-sex-cam-sites\/cameraboys\/","title":{"rendered":"cameraboys.com"},"content":{"rendered":"<div class=\"pb\">\n<div class=\"hd\">\n<a href=\"https:\/\/www.thepornlist.net\/de\/\" base target=\"_self\">Zur\u00fcck zur Startseite<\/a>\n<\/div>\n<div class=\"hd2\">\n<span style=\"font-style:normal;font-weight:bold;\">Seitenbewertung<\/span>\n<\/div>\n<\/div>\n<div style=\"width:100%; margin-left:auto; margin-right:auto; clear:both;z-index:1; padding-top:5px; border-radius: 2px;\">\n<div class=\"reviewimg\">\n<p><a href=\"http:\/\/jmp.awempire.com\/?siteId=cmb&amp;categoryName=&#038;pageName=home&#038;performerName=&#038;prm[psid]=thepornlist&#038;prm[pstool]=205_1&#038;prm[psprogram]=pps&#038;prm[campaign_id]=&amp;subAffId={SUBAFFID}\" base target=\"_self\"><img decoding=\"async\" src=\"https:\/\/www.thepornlist.net\/wp-content\/uploads\/camrev\/cameraboys.jpg\" width=\"500\" height=\"500\" alt=\"Porn Tube\"><\/a><\/p>\n<\/div>\n<div class=\"reviewtitle\">\n<h1 style=\"font-family:Arial;font-size:56px;font-style:normal;font-weight:bold;color:#FF1F78;\">cameraboys<\/h1>\n<\/div>\n<div class=\"reviewsub\">\n<h2 style=\"font-size:14px;font-style:normal;font-weight:bold;\">cameraboys.com<\/H2>\n<\/div>\n<div class=\"reviewtext\">\n<span style=\"font-size:16px;font-style:normal;\">Ich sch\u00e4tze mal, dass der Name dieser Live Sexcam Webseite f\u00fcr sich selbst spricht, nicht wahr? CameraBoys.com ist ein Ort an den du kommen solltest wenn du eine andere sexuelle Orientierung als die heterosexuelle hast. Schwule Cams, Webcam Boys und Cams mit schwulen Paaren sind hier und du wirst sie eingeteilt in Nischen finden wie wei\u00df, Latino, asiatisch, schwarz, geil und nackt, masturbieren, jung und Teenager, Daddy und reif, Muskeln und Adonis, Schnuckel und d\u00fcnn, gro\u00df, fett und mollig, gro\u00dfe Schw\u00e4nze und Riesenschw\u00e4nze, Monsterschwanz, Arsch und Analsex, Leder und Fetisch, Raucher Pornos, Rollenspiel und Sklave, Sperma und Orgasmus, Stripper, Tattoo und andere.<\/br><\/p>\n<p>Leider gibt es keine Vorschauen aus den R\u00e4umen wenn du deinen Mauszeiger auf ein Vorschaubild bewegst und die einzige M\u00f6glichkeit das Model live zu sehen ist darauf zu klicken um Zugriff auf den Raum zu bekommen. Tu es und ein gro\u00dfer HD Streaming Player geht direkt vor deinen Augen auf. Wenn du alle online Darsteller sehen willst, scrolle nach unten bis du die Fu\u00dfzeile erreichst wo ein gro\u00dfer gelber Schalter darauf wartet von dir angeklickt zu werden.<\/br><\/p>\n<p>Wenn englisch nicht deine Sprache ist, kannst du dir aus einer Liste, die sich auch in der Fu\u00dfzeile befindet, eine andere aussuchen.<br \/>\n<\/span>\n<\/div>\n<div class=\"reviewsiteurl\">\n<a href=\"http:\/\/jmp.awempire.com\/?siteId=cmb&amp;categoryName=&#038;pageName=home&#038;performerName=&#038;prm[psid]=thepornlist&#038;prm[pstool]=205_1&#038;prm[psprogram]=pps&#038;prm[campaign_id]=&amp;subAffId={SUBAFFID}\" base target=\"_self\"><span style=\"font-size:32px;font-style:normal;font-weight:bold;text-decoration:underline;\">Hier klicken, um die webseite zu besuchen <\/span><\/a>\n<\/div>\n<\/div>\n","protected":false},"excerpt":{"rendered":"<p>Zur\u00fcck zur Startseite Seitenbewertung cameraboys cameraboys.com Ich sch\u00e4tze mal, dass der Name dieser Live Sexcam Webseite f\u00fcr sich selbst spricht, nicht wahr? CameraBoys.com ist ein Ort an den du kommen solltest wenn du eine andere sexuelle Orientierung als die heterosexuelle hast. Schwule Cams, Webcam Boys und Cams mit schwulen Paaren sind hier und du wirst <a href='https:\/\/www.thepornlist.net\/de\/best-sex-cam-sites\/cameraboys\/' class='excerpt-more'>[&#8230;]<\/a><\/p>\n","protected":false},"author":1,"featured_media":0,"parent":9987,"menu_order":8990,"comment_status":"closed","ping_status":"closed","template":"0-autofill-tpl-template.php","meta":{"_acf_changed":false,"footnotes":""},"tags":[],"acf":[],"aioseo_notices":[],"_links":{"self":[{"href":"https:\/\/www.thepornlist.net\/de\/wp-json\/wp\/v2\/pages\/9975"}],"collection":[{"href":"https:\/\/www.thepornlist.net\/de\/wp-json\/wp\/v2\/pages"}],"about":[{"href":"https:\/\/www.thepornlist.net\/de\/wp-json\/wp\/v2\/types\/page"}],"author":[{"embeddable":true,"href":"https:\/\/www.thepornlist.net\/de\/wp-json\/wp\/v2\/users\/1"}],"replies":[{"embeddable":true,"href":"https:\/\/www.thepornlist.net\/de\/wp-json\/wp\/v2\/comments?post=9975"}],"version-history":[{"count":0,"href":"https:\/\/www.thepornlist.net\/de\/wp-json\/wp\/v2\/pages\/9975\/revisions"}],"up":[{"embeddable":true,"href":"https:\/\/www.thepornlist.net\/de\/wp-json\/wp\/v2\/pages\/9987"}],"wp:attachment":[{"href":"https:\/\/www.thepornlist.net\/de\/wp-json\/wp\/v2\/media?parent=9975"}],"wp:term":[{"taxonomy":"post_tag","embeddable":true,"href":"https:\/\/www.thepornlist.net\/de\/wp-json\/wp\/v2\/tags?post=9975"}],"curies":[{"name":"wp","href":"https:\/\/api.w.org\/{rel}","templated":true}]}}