{"id":9977,"date":"2016-01-26T19:35:36","date_gmt":"2016-01-26T19:35:36","guid":{"rendered":"https:\/\/www.thepornlist.net\/de\/xcams\/"},"modified":"2019-05-24T11:48:15","modified_gmt":"2019-05-24T11:48:15","slug":"xcams","status":"publish","type":"page","link":"https:\/\/www.thepornlist.net\/de\/best-sex-cam-sites\/xcams\/","title":{"rendered":"xcams.com"},"content":{"rendered":"<div class=\"pb\">\n<div class=\"hd\">\n<a href=\"https:\/\/www.thepornlist.net\/de\/\" base target=\"_self\">Zur\u00fcck zur Startseite<\/a>\n<\/div>\n<div class=\"hd2\">\n<span style=\"font-style:normal;font-weight:bold;\">Seitenbewertung<\/span>\n<\/div>\n<\/div>\n<div style=\"width:100%; margin-left:auto; margin-right:auto; clear:both;z-index:1; padding-top:5px; border-radius: 2px;\">\n<div class=\"reviewimg\">\n<p><a href=\"http:\/\/promotools.biz\/cp\/text_link\/index.php?ur=aHR0cDovL3d3dy54Y2Ftcy5jb20%2FY29tZnJvbT04MzM4MjYmY2YyPSZjZnNhMj0mY2YwPXBjMg%3D%3D&#038;promo=xcams&#038;subid1=&#038;subid2=&#038;brand=xcams\" base target=\"_self\"><img decoding=\"async\" src=\"https:\/\/www.thepornlist.net\/wp-content\/uploads\/camrev\/xcams.jpg\" width=\"500\" height=\"500\" alt=\"Porn Tube\"><\/a><\/p>\n<\/div>\n<div class=\"reviewtitle\">\n<h1 style=\"font-family:Arial;font-size:56px;font-style:normal;font-weight:bold;color:#FF1F78;\">xcams<\/h1>\n<\/div>\n<div class=\"reviewsub\">\n<h2 style=\"font-size:14px;font-style:normal;font-weight:bold;\">xcams.com<\/H2>\n<\/div>\n<div class=\"reviewtext\">\n<span style=\"font-size:16px;font-style:normal;\">Seit der Erfindung von Live Cam Webseiten wurde die Porno Industrie auf den Kopf gestellt und hat eine ganz neue Perspektive dazu bekommen. F\u00fcr Frauen haben sich neue M\u00f6glichkeiten f\u00fcr Jobs ergeben, f\u00fcr M\u00e4nner gibt es neue M\u00f6glichkeiten der Unterhaltung f\u00fcr Erwachsene und noch viele andere Dinge passierten w\u00e4hrend die Videochat Orte gewachsen sind. XCams.com ist ein Sexcam Ort, der mit dir genau das teilen wird, was ich dir oben erz\u00e4hlt habe.<\/br> <\/p>\n<p>Die Seite hat ein sehr nettes und leicht zu verwendendes Design und die Girls, die ich dort gesehen habe sind tats\u00e4chlich h\u00f6llisch geil. Der Sex ist brennend hei\u00df und wenn du eine gute Zeit erleben willst, bin ich sicher, dass du das hier auf XCams haben wirst. Von Blondinen bis hin zu Br\u00fcnetten und von Babes mit kleinen Br\u00fcsten bis hin zu solchen mit Riesenbr\u00fcsten mit vielen Buchstaben bei der K\u00f6rbchengr\u00f6\u00dfe ist diese Cam Webseite ganz sicher eine der besten und beliebtesten Plattformen f\u00fcr live Chats. Vergiss nicht die Tatsache, dass du dich sowohl auf Action mit 18 Jahre alten Models als auch mit Omas einlassen kannst. XCams hat jede Art von Frau, die du willst, in jedem Alter, das dein Herz begehrt. F\u00fcr mich m\u00fcssen es Teens sein! Besuch sie jetzt!<br \/>\n<\/span>\n<\/div>\n<div class=\"reviewsiteurl\">\n<a href=\"http:\/\/promotools.biz\/cp\/text_link\/index.php?ur=aHR0cDovL3d3dy54Y2Ftcy5jb20%2FY29tZnJvbT04MzM4MjYmY2YyPSZjZnNhMj0mY2YwPXBjMg%3D%3D&#038;promo=xcams&#038;subid1=&#038;subid2=&#038;brand=xcams\" base target=\"_self\"><span style=\"font-size:32px;font-style:normal;font-weight:bold;text-decoration:underline;\">Hier klicken, um die webseite zu besuchen <\/span><\/a>\n<\/div>\n<\/div>\n","protected":false},"excerpt":{"rendered":"<p>Zur\u00fcck zur Startseite Seitenbewertung xcams xcams.com Seit der Erfindung von Live Cam Webseiten wurde die Porno Industrie auf den Kopf gestellt und hat eine ganz neue Perspektive dazu bekommen. F\u00fcr Frauen haben sich neue M\u00f6glichkeiten f\u00fcr Jobs ergeben, f\u00fcr M\u00e4nner gibt es neue M\u00f6glichkeiten der Unterhaltung f\u00fcr Erwachsene und noch viele andere Dinge passierten w\u00e4hrend <a href='https:\/\/www.thepornlist.net\/de\/best-sex-cam-sites\/xcams\/' class='excerpt-more'>[&#8230;]<\/a><\/p>\n","protected":false},"author":1,"featured_media":0,"parent":9987,"menu_order":8910,"comment_status":"closed","ping_status":"closed","template":"0-autofill-tpl-template.php","meta":{"_acf_changed":false,"footnotes":""},"tags":[],"acf":[],"aioseo_notices":[],"_links":{"self":[{"href":"https:\/\/www.thepornlist.net\/de\/wp-json\/wp\/v2\/pages\/9977"}],"collection":[{"href":"https:\/\/www.thepornlist.net\/de\/wp-json\/wp\/v2\/pages"}],"about":[{"href":"https:\/\/www.thepornlist.net\/de\/wp-json\/wp\/v2\/types\/page"}],"author":[{"embeddable":true,"href":"https:\/\/www.thepornlist.net\/de\/wp-json\/wp\/v2\/users\/1"}],"replies":[{"embeddable":true,"href":"https:\/\/www.thepornlist.net\/de\/wp-json\/wp\/v2\/comments?post=9977"}],"version-history":[{"count":0,"href":"https:\/\/www.thepornlist.net\/de\/wp-json\/wp\/v2\/pages\/9977\/revisions"}],"up":[{"embeddable":true,"href":"https:\/\/www.thepornlist.net\/de\/wp-json\/wp\/v2\/pages\/9987"}],"wp:attachment":[{"href":"https:\/\/www.thepornlist.net\/de\/wp-json\/wp\/v2\/media?parent=9977"}],"wp:term":[{"taxonomy":"post_tag","embeddable":true,"href":"https:\/\/www.thepornlist.net\/de\/wp-json\/wp\/v2\/tags?post=9977"}],"curies":[{"name":"wp","href":"https:\/\/api.w.org\/{rel}","templated":true}]}}