{"id":9981,"date":"2016-01-26T19:31:40","date_gmt":"2016-01-26T19:31:40","guid":{"rendered":"https:\/\/www.thepornlist.net\/de\/livesexasian\/"},"modified":"2019-06-21T13:10:57","modified_gmt":"2019-06-21T13:10:57","slug":"livesexasian","status":"publish","type":"page","link":"https:\/\/www.thepornlist.net\/de\/best-sex-cam-sites\/livesexasian\/","title":{"rendered":"livesexasian.com"},"content":{"rendered":"<div class=\"pb\">\n<div class=\"hd\">\n<a href=\"https:\/\/www.thepornlist.net\/de\/\" base target=\"_self\">Zur\u00fcck zur Startseite<\/a>\n<\/div>\n<div class=\"hd2\">\n<span style=\"font-style:normal;font-weight:bold;\">Seitenbewertung<\/span>\n<\/div>\n<\/div>\n<div style=\"width:100%; margin-left:auto; margin-right:auto; clear:both;z-index:1; padding-top:5px; border-radius: 2px;\">\n<div class=\"reviewimg\">\n<p><a href=\"http:\/\/jmp.awempire.com\/?siteId=las&amp;cobrandId=&amp;superCategoryName=&amp;categoryName=&#038;pageName=home&#038;performerName=&#038;prm[psid]=thepornlist&#038;prm[pstool]=205_1&#038;prm[psprogram]=pps&#038;prm[campaign_id]=&amp;subAffId={SUBAFFID}\" base target=\"_self\"><img decoding=\"async\" src=\"https:\/\/www.thepornlist.net\/wp-content\/uploads\/camrev\/livesexasian.jpg\" width=\"500\" height=\"500\" alt=\"Porn Tube\"><\/a><\/p>\n<\/div>\n<div class=\"reviewtitle\">\n<h1 style=\"font-family:Arial;font-size:56px;font-style:normal;font-weight:bold;color:#FF1F78;\">livesexasian<\/h1>\n<\/div>\n<div class=\"reviewsub\">\n<h2 style=\"font-size:14px;font-style:normal;font-weight:bold;\">livesexasian.com<\/H2>\n<\/div>\n<div class=\"reviewtext\">\n<span style=\"font-size:16px;font-style:normal;\">Das ist etwas, das mir wirklich gef\u00e4llt: LiveSexAsian.com. Es ist kein Geheimnis, dass ich etwas f\u00fcr asiatische Frauen \u00fcbrig habe und wenn ich eine Webseite aus dieser Nische bewerten kann, bin ich mehr als gl\u00fccklich dar\u00fcber. Und ganz besonders wenn es dann auch noch eine Live Cam Videochat Seite ist.<\/br><\/p>\n<p>Willkommen bei LiveSexAsian, einer Webseite auf der einige der hei\u00dfesten asiatischen Babes, die du jemals gesehen hast, dir eine gute Zeit bereiten werden. Du wirst gleich am Anfang wundersch\u00f6ne Vorschaubilder, alle in HD, sehen denn es ist ein Schwesterprodukt von LiveJasmin. Du kannst einen live Blick in die R\u00e4ume der Models werfen wenn du deinen Mauszeiger auf ein Foto h\u00e4ltst. Du bekommst sogar ein Guthaben oder wenn du dich anmeldest bekommst du 10 private Scharfmacher kostenlos.<\/br><\/p>\n<p>In der Navigationsleiste befindet sich der Kasten mit der Suchfunktion falls du schon wei\u00dft wenn du sehen willst und du ihren Spitznamen kennst und ein Aufklappmen\u00fc voller Optionen (Kategorien, Sprache, spezial, Erscheinung Alter, Figur, Status, Haarfarbe, Haartyp, Br\u00fcste oder Bereitschaft) das du benutzen kannst um die Ergebnisse, die du bekommst, noch weiter zu filtern. Besuche LiveSexAsian um asiatische Juwelen zu sehen. Schau vorbei!<br \/>\n<\/span>\n<\/div>\n<div class=\"reviewsiteurl\">\n<a href=\"http:\/\/jmp.awempire.com\/?siteId=las&amp;cobrandId=&amp;superCategoryName=&amp;categoryName=&#038;pageName=home&#038;performerName=&#038;prm[psid]=thepornlist&#038;prm[pstool]=205_1&#038;prm[psprogram]=pps&#038;prm[campaign_id]=&amp;subAffId={SUBAFFID}\" base target=\"_self\"><span style=\"font-size:32px;font-style:normal;font-weight:bold;text-decoration:underline;\">Hier klicken, um die webseite zu besuchen <\/span><\/a>\n<\/div>\n<\/div>\n","protected":false},"excerpt":{"rendered":"<p>Zur\u00fcck zur Startseite Seitenbewertung livesexasian livesexasian.com Das ist etwas, das mir wirklich gef\u00e4llt: LiveSexAsian.com. Es ist kein Geheimnis, dass ich etwas f\u00fcr asiatische Frauen \u00fcbrig habe und wenn ich eine Webseite aus dieser Nische bewerten kann, bin ich mehr als gl\u00fccklich dar\u00fcber. Und ganz besonders wenn es dann auch noch eine Live Cam Videochat Seite <a href='https:\/\/www.thepornlist.net\/de\/best-sex-cam-sites\/livesexasian\/' class='excerpt-more'>[&#8230;]<\/a><\/p>\n","protected":false},"author":1,"featured_media":0,"parent":9987,"menu_order":32610,"comment_status":"closed","ping_status":"closed","template":"0-autofill-tpl-template.php","meta":{"_acf_changed":false,"footnotes":""},"tags":[],"acf":[],"aioseo_notices":[],"_links":{"self":[{"href":"https:\/\/www.thepornlist.net\/de\/wp-json\/wp\/v2\/pages\/9981"}],"collection":[{"href":"https:\/\/www.thepornlist.net\/de\/wp-json\/wp\/v2\/pages"}],"about":[{"href":"https:\/\/www.thepornlist.net\/de\/wp-json\/wp\/v2\/types\/page"}],"author":[{"embeddable":true,"href":"https:\/\/www.thepornlist.net\/de\/wp-json\/wp\/v2\/users\/1"}],"replies":[{"embeddable":true,"href":"https:\/\/www.thepornlist.net\/de\/wp-json\/wp\/v2\/comments?post=9981"}],"version-history":[{"count":0,"href":"https:\/\/www.thepornlist.net\/de\/wp-json\/wp\/v2\/pages\/9981\/revisions"}],"up":[{"embeddable":true,"href":"https:\/\/www.thepornlist.net\/de\/wp-json\/wp\/v2\/pages\/9987"}],"wp:attachment":[{"href":"https:\/\/www.thepornlist.net\/de\/wp-json\/wp\/v2\/media?parent=9981"}],"wp:term":[{"taxonomy":"post_tag","embeddable":true,"href":"https:\/\/www.thepornlist.net\/de\/wp-json\/wp\/v2\/tags?post=9981"}],"curies":[{"name":"wp","href":"https:\/\/api.w.org\/{rel}","templated":true}]}}