{"id":9982,"date":"2016-01-26T19:29:24","date_gmt":"2016-01-26T19:29:24","guid":{"rendered":"https:\/\/www.thepornlist.net\/de\/cams\/"},"modified":"2025-09-15T14:17:40","modified_gmt":"2025-09-15T14:17:40","slug":"cams","status":"publish","type":"page","link":"https:\/\/www.thepornlist.net\/de\/best-sex-cam-sites\/cams\/","title":{"rendered":"cams.com"},"content":{"rendered":"<div class=\"pb\">\n<div class=\"hd\">\n<a href=\"https:\/\/www.thepornlist.net\/de\/\" base target=\"_self\" rel=\"noopener\">Zur\u00fcck zur Startseite<\/a>\n<\/div>\n<div class=\"hd2\">\n<span style=\"font-style:normal;font-weight:bold;\">Seitenbewertung<\/span>\n<\/div>\n<\/div>\n<div style=\"width:100%; margin-left:auto; margin-right:auto; clear:both;z-index:1; padding-top:5px; border-radius: 2px;\">\n<div class=\"reviewimg\">\n<p><a href=\"http:\/\/cams.com\/go\/p27257854.subListing_Nov18\" base target=\"_self\" rel=\"noopener\"><img decoding=\"async\" src=\"https:\/\/www.thepornlist.net\/wp-content\/uploads\/camrev\/cams.jpg\" width=\"500\" height=\"500\" alt=\"Porn Tube\"><\/a><\/p>\n<\/div>\n<div class=\"reviewtitle\">\n<h1 style=\"font-family:Arial;font-size:56px;font-style:normal;font-weight:bold;color:#FF1F78;\">cams<\/h1>\n<\/div>\n<div class=\"reviewsub\">\n<h2 style=\"font-size:14px;font-style:normal;font-weight:bold;\">cams.com<\/H2>\n<\/div>\n<div class=\"reviewtext\">\n<span style=\"font-size:16px;font-style:normal;\">Willkommen bei der Live Sexcam Webseite an die man sich am einfachsten erinnert. Mit einem Domain Namen wie Cams.com ist es schwer zu glauben, dass diese Webseite nicht unter den Gewinnern sein k\u00f6nnte. Sogar Google mag sie! In diesem Moment, in dem ich meine Bewertung schreibe, haben sie 419 Models online, die vom Alter von 18 bis sehr alt reichen. Du kannst asiatische Babes, Ebony Girls, Latina Girls, Paare, live College Girls, Pornostars, Milfs, mit schwarzen Haaren, blonde Girls, Br\u00fcnette, Rothaarige, BBW Cams, kurvige Frauen, zierliche Frauen, Sch\u00f6nheiten mit gro\u00dfen Titten oder mit kleinen, Models, die den guten alten Fu\u00df Fetisch oder high Heels m\u00f6gen, sehen \u2026. Habe ich genug erz\u00e4hlt um dein Herz zu begeistern?<\/br><\/p>\n<p>Cams hat ein gutes Design und es ist eine der beliebtesten Webcam Seiten. Bei all den vielen M\u00f6glichkeiten ihre Models zu filtern und bei so vielen HD Cams, wirst du dich ganz sicher so f\u00fchlen als ob du im siebten Himmel angekommen w\u00e4rst. Es gef\u00e4llt mir nicht, dass ich keine Vorschau sehen kann wenn ich mit meinem Mauszeiger auf ein Vorschaubild gehe. Aber, man kann nicht alles haben. Wenn du dir ein Girl anschauen willst, musst du auf den Screenshot klicken. Jetzt kann der Spa\u00df los gehen!<\/br><br \/>\n<\/span>\n<\/div>\n<div class=\"reviewsiteurl\">\n<a href=\"http:\/\/cams.com\/go\/p27257854.subListing_Nov18\" base target=\"_self\" rel=\"noopener\"><span style=\"font-size:32px;font-style:normal;font-weight:bold;text-decoration:underline;\">Hier klicken, um die webseite zu besuchen <\/span><\/a>\n<\/div>\n<\/div>\n","protected":false},"excerpt":{"rendered":"<p>Zur\u00fcck zur Startseite Seitenbewertung cams cams.com Willkommen bei der Live Sexcam Webseite an die man sich am einfachsten erinnert. Mit einem Domain Namen wie Cams.com ist es schwer zu glauben, dass diese Webseite nicht unter den Gewinnern sein k\u00f6nnte. Sogar Google mag sie! In diesem Moment, in dem ich meine Bewertung schreibe, haben sie 419 <a href='https:\/\/www.thepornlist.net\/de\/best-sex-cam-sites\/cams\/' class='excerpt-more'>[&#8230;]<\/a><\/p>\n","protected":false},"author":1,"featured_media":0,"parent":9987,"menu_order":8490,"comment_status":"closed","ping_status":"closed","template":"0-autofill-tpl-template.php","meta":{"_acf_changed":false,"footnotes":""},"tags":[],"acf":[],"aioseo_notices":[],"_links":{"self":[{"href":"https:\/\/www.thepornlist.net\/de\/wp-json\/wp\/v2\/pages\/9982"}],"collection":[{"href":"https:\/\/www.thepornlist.net\/de\/wp-json\/wp\/v2\/pages"}],"about":[{"href":"https:\/\/www.thepornlist.net\/de\/wp-json\/wp\/v2\/types\/page"}],"author":[{"embeddable":true,"href":"https:\/\/www.thepornlist.net\/de\/wp-json\/wp\/v2\/users\/1"}],"replies":[{"embeddable":true,"href":"https:\/\/www.thepornlist.net\/de\/wp-json\/wp\/v2\/comments?post=9982"}],"version-history":[{"count":1,"href":"https:\/\/www.thepornlist.net\/de\/wp-json\/wp\/v2\/pages\/9982\/revisions"}],"predecessor-version":[{"id":253876,"href":"https:\/\/www.thepornlist.net\/de\/wp-json\/wp\/v2\/pages\/9982\/revisions\/253876"}],"up":[{"embeddable":true,"href":"https:\/\/www.thepornlist.net\/de\/wp-json\/wp\/v2\/pages\/9987"}],"wp:attachment":[{"href":"https:\/\/www.thepornlist.net\/de\/wp-json\/wp\/v2\/media?parent=9982"}],"wp:term":[{"taxonomy":"post_tag","embeddable":true,"href":"https:\/\/www.thepornlist.net\/de\/wp-json\/wp\/v2\/tags?post=9982"}],"curies":[{"name":"wp","href":"https:\/\/api.w.org\/{rel}","templated":true}]}}