{"id":9984,"date":"2016-01-26T19:28:25","date_gmt":"2016-01-26T19:28:25","guid":{"rendered":"https:\/\/www.thepornlist.net\/de\/jasmin\/"},"modified":"2020-05-08T14:03:41","modified_gmt":"2020-05-08T14:03:41","slug":"jasmin","status":"publish","type":"page","link":"https:\/\/www.thepornlist.net\/de\/best-sex-cam-sites\/jasmin\/","title":{"rendered":"jasmin.com"},"content":{"rendered":"<div class=\"pb\">\n<div class=\"hd\">\n<a href=\"https:\/\/www.thepornlist.net\/de\/\" base target=\"_self\" rel=\"noopener noreferrer\">Zur\u00fcck zur Startseite<\/a>\n<\/div>\n<div class=\"hd2\">\n<span style=\"font-style:normal;font-weight:bold;\">Seitenbewertung<\/span>\n<\/div>\n<\/div>\n<div style=\"width:100%; margin-left:auto; margin-right:auto; clear:both;z-index:1; padding-top:5px; border-radius: 2px;\">\n<div class=\"reviewimg\">\n<p><a href=\"http:\/\/jmp.awempire.com\/?siteid=jasmin&amp;categoryname=&#038;pagename=home&#038;performername=&#038;prm[psid]=thepornlist&#038;prm[pstool]=205_1&#038;prm[psprogram]=pps&#038;prm[campaign_id]=&amp;subaffid={subaffid}\" base target=\"_self\" rel=\"noopener noreferrer\"><img decoding=\"async\" src=\"https:\/\/www.thepornlist.net\/wp-content\/uploads\/camrev\/jasmin.jpg\" width=\"500\" height=\"500\" alt=\"Porn Tube\"><\/a><\/p>\n<\/div>\n<div class=\"reviewtitle\">\n<h1 style=\"font-family:Arial;font-size:56px;font-style:normal;font-weight:bold;color:#FF1F78;\">jasmin<\/h1>\n<\/div>\n<div class=\"reviewsub\">\n<h2 style=\"font-size:14px;font-style:normal;font-weight:bold;\">jasmin.com<\/H2>\n<\/div>\n<div class=\"reviewtext\">\n<span style=\"font-size:16px;font-style:normal;\">Alt aber immer noch gut, die einzigartige und un\u00fcbertroffene LiveJasmin. Es gibt sie schon immer und jedes Model hat schon einmal seinen Fu\u00df auf diese Live Sex Cam Plattform gesetzt. Wir alle kennen sie und waren in unserem Leben mindestens schon ein mal da. Mit dem unvergesslichen roten Design und mit seinen beliebten Bereichen ist LiveJasmin ohne jeden Zweifel, eine der besten live Webcam Seiten im Internet.<\/br><\/p>\n<p>Sie haben das Layout vor einiger Zeit \u00fcberarbeitet, aber sie haben immer noch die gleichen Farben verwendet. Ich mag die Art wie du schon vorher sehen kannst, was in dem Raum passieren wird indem du deinen Mauszeiger auf ein Vorschaubild auf der Homepage h\u00e4ltst. Alter 18, gro\u00dfe Titten Latinas, Str\u00fcmpfe, asiatische Girls, Blondinen, Br\u00fcnette, zierlich, 20j\u00e4hrige und noch viel mehr Arten um die Girls zu sortieren, stehen zu deiner Verf\u00fcgung. Die allgemeinen Kategorien sind hei\u00dfer Flirt, Seelenverwandte, lesbisch, reife Frauen, Fetisch, Paare, Jungs f\u00fcr M\u00e4dchen und einige andere.<\/br><\/p>\n<p>Du wei\u00dft, wie es funktioniert: du kannst einen Raum als Gast betreten oder dich einloggen um das Girl zu sehen oder mit ihm zu chatten, aber um sie nackt zu sehen musst du privat eintreten mit dem Guthaben, das du f\u00fcr deine Euros bekommen kannst. Schau jetzt vorbei!<br \/>\n<\/span>\n<\/div>\n<div class=\"reviewsiteurl\">\n<a href=\"http:\/\/jmp.awempire.com\/?siteid=jasmin&amp;categoryname=&#038;pagename=home&#038;performername=&#038;prm[psid]=thepornlist&#038;prm[pstool]=205_1&#038;prm[psprogram]=pps&#038;prm[campaign_id]=&amp;subaffid={subaffid}\" base target=\"_self\" rel=\"noopener noreferrer\"><span style=\"font-size:32px;font-style:normal;font-weight:bold;text-decoration:underline;\">Hier klicken, um die webseite zu besuchen <\/span><\/a>\n<\/div>\n<\/div>\n","protected":false},"excerpt":{"rendered":"<p>Zur\u00fcck zur Startseite Seitenbewertung jasmin jasmin.com Alt aber immer noch gut, die einzigartige und un\u00fcbertroffene LiveJasmin. Es gibt sie schon immer und jedes Model hat schon einmal seinen Fu\u00df auf diese Live Sex Cam Plattform gesetzt. Wir alle kennen sie und waren in unserem Leben mindestens schon ein mal da. Mit dem unvergesslichen roten Design <a href='https:\/\/www.thepornlist.net\/de\/best-sex-cam-sites\/jasmin\/' class='excerpt-more'>[&#8230;]<\/a><\/p>\n","protected":false},"author":1,"featured_media":0,"parent":9987,"menu_order":8430,"comment_status":"closed","ping_status":"closed","template":"0-autofill-tpl-template.php","meta":{"_acf_changed":false,"footnotes":""},"tags":[],"acf":[],"aioseo_notices":[],"_links":{"self":[{"href":"https:\/\/www.thepornlist.net\/de\/wp-json\/wp\/v2\/pages\/9984"}],"collection":[{"href":"https:\/\/www.thepornlist.net\/de\/wp-json\/wp\/v2\/pages"}],"about":[{"href":"https:\/\/www.thepornlist.net\/de\/wp-json\/wp\/v2\/types\/page"}],"author":[{"embeddable":true,"href":"https:\/\/www.thepornlist.net\/de\/wp-json\/wp\/v2\/users\/1"}],"replies":[{"embeddable":true,"href":"https:\/\/www.thepornlist.net\/de\/wp-json\/wp\/v2\/comments?post=9984"}],"version-history":[{"count":0,"href":"https:\/\/www.thepornlist.net\/de\/wp-json\/wp\/v2\/pages\/9984\/revisions"}],"up":[{"embeddable":true,"href":"https:\/\/www.thepornlist.net\/de\/wp-json\/wp\/v2\/pages\/9987"}],"wp:attachment":[{"href":"https:\/\/www.thepornlist.net\/de\/wp-json\/wp\/v2\/media?parent=9984"}],"wp:term":[{"taxonomy":"post_tag","embeddable":true,"href":"https:\/\/www.thepornlist.net\/de\/wp-json\/wp\/v2\/tags?post=9984"}],"curies":[{"name":"wp","href":"https:\/\/api.w.org\/{rel}","templated":true}]}}