{"id":9985,"date":"2016-01-26T19:28:04","date_gmt":"2016-01-26T19:28:04","guid":{"rendered":"https:\/\/www.thepornlist.net\/de\/chaturbate\/"},"modified":"2019-05-24T11:29:36","modified_gmt":"2019-05-24T11:29:36","slug":"chaturbate","status":"publish","type":"page","link":"https:\/\/www.thepornlist.net\/de\/best-sex-cam-sites\/chaturbate\/","title":{"rendered":"chaturbate.com"},"content":{"rendered":"<div class=\"pb\">\n<div class=\"hd\">\n<a href=\"https:\/\/www.thepornlist.net\/de\/\" base target=\"_self\">Zur\u00fcck zur Startseite<\/a>\n<\/div>\n<div class=\"hd2\">\n<span style=\"font-style:normal;font-weight:bold;\">Seitenbewertung<\/span>\n<\/div>\n<\/div>\n<div style=\"width:100%; margin-left:auto; margin-right:auto; clear:both;z-index:1; padding-top:5px; border-radius: 2px;\">\n<div class=\"reviewimg\">\n<p><a href=\"https:\/\/www.thepornlist.net\/go\/chaturbate\/\" base target=\"_self\"><img decoding=\"async\" src=\"https:\/\/www.thepornlist.net\/wp-content\/uploads\/camrev\/chaturbate.jpg\" width=\"500\" height=\"500\" alt=\"Porn Tube\"><\/a><\/p>\n<\/div>\n<div class=\"reviewtitle\">\n<h1 style=\"font-family:Arial;font-size:56px;font-style:normal;font-weight:bold;color:#FF1F78;\">chaturbate<\/h1>\n<\/div>\n<div class=\"reviewsub\">\n<h2 style=\"font-size:14px;font-style:normal;font-weight:bold;\">chaturbate.com<\/H2>\n<\/div>\n<div class=\"reviewtext\">\n<span style=\"font-size:16px;font-style:normal;\">Wenn du das Internet f\u00fcr Pornos und f\u00fcr Sexcam Webseiten benutzt, und du nicht wei\u00dft, was Chaturbate ist, dann muss ich dir sagen, dass du vollkommen sinnlos auf dieser Erde bist. Chaturbate ist eine Porno Webseite auf der du den Akt der Masturbation siehst w\u00e4hrend du online chattest. Es funktioniert nicht wie auf deiner gewohnten Cam Seite, denn man verwendet Wertmarken, aber es gibt dort einige der besten Models, die du je gesehen hast und eine Menge Pornostars treten dort vor der Kamera auf.<\/br><\/p>\n<p>Vorstellungen, weiblich, m\u00e4nnlich, Paare und andere Kategorien warten direkt auf der Startseite auf dich. Standardm\u00e4\u00dfig wirst du beworbene R\u00e4ume sehen und das bedeutet, dass du die beliebtesten online Cams bekommen wirst mit den Models, die die meisten Besucher in ihrem versauten Universum haben. Wenn ein Girl viele Besucher hat, ist sie theoretisch richtig geil. Nat\u00fcrlich haben wir alle einen anderen Geschmack wenn es um Frauen geht und darum hat Chaturbate hunderte und hunderte von Models.<\/br><\/p>\n<p>Du kannst Babes kostenlos sehen, auf ihren Raum zugreifen und so weiter. Wie ich oben schon gesagt habe, laufen die Dinge bei Chaturbate.com anders aber ich werde es dich selbst erforschen lassen um herauszufinden wie es funktioniert.<br \/>\n<\/span>\n<\/div>\n<div class=\"reviewsiteurl\">\n<a href=\"https:\/\/www.thepornlist.net\/go\/chaturbate\/\" base target=\"_self\"><span style=\"font-size:32px;font-style:normal;font-weight:bold;text-decoration:underline;\">Hier klicken, um die webseite zu besuchen <\/span><\/a>\n<\/div>\n<\/div>\n","protected":false},"excerpt":{"rendered":"<p>Zur\u00fcck zur Startseite Seitenbewertung chaturbate chaturbate.com Wenn du das Internet f\u00fcr Pornos und f\u00fcr Sexcam Webseiten benutzt, und du nicht wei\u00dft, was Chaturbate ist, dann muss ich dir sagen, dass du vollkommen sinnlos auf dieser Erde bist. Chaturbate ist eine Porno Webseite auf der du den Akt der Masturbation siehst w\u00e4hrend du online chattest. Es <a href='https:\/\/www.thepornlist.net\/de\/best-sex-cam-sites\/chaturbate\/' class='excerpt-more'>[&#8230;]<\/a><\/p>\n","protected":false},"author":1,"featured_media":0,"parent":9987,"menu_order":8390,"comment_status":"closed","ping_status":"closed","template":"0-autofill-tpl-template.php","meta":{"_acf_changed":false,"footnotes":""},"tags":[],"acf":[],"aioseo_notices":[],"_links":{"self":[{"href":"https:\/\/www.thepornlist.net\/de\/wp-json\/wp\/v2\/pages\/9985"}],"collection":[{"href":"https:\/\/www.thepornlist.net\/de\/wp-json\/wp\/v2\/pages"}],"about":[{"href":"https:\/\/www.thepornlist.net\/de\/wp-json\/wp\/v2\/types\/page"}],"author":[{"embeddable":true,"href":"https:\/\/www.thepornlist.net\/de\/wp-json\/wp\/v2\/users\/1"}],"replies":[{"embeddable":true,"href":"https:\/\/www.thepornlist.net\/de\/wp-json\/wp\/v2\/comments?post=9985"}],"version-history":[{"count":0,"href":"https:\/\/www.thepornlist.net\/de\/wp-json\/wp\/v2\/pages\/9985\/revisions"}],"up":[{"embeddable":true,"href":"https:\/\/www.thepornlist.net\/de\/wp-json\/wp\/v2\/pages\/9987"}],"wp:attachment":[{"href":"https:\/\/www.thepornlist.net\/de\/wp-json\/wp\/v2\/media?parent=9985"}],"wp:term":[{"taxonomy":"post_tag","embeddable":true,"href":"https:\/\/www.thepornlist.net\/de\/wp-json\/wp\/v2\/tags?post=9985"}],"curies":[{"name":"wp","href":"https:\/\/api.w.org\/{rel}","templated":true}]}}