{"id":9988,"date":"2016-01-14T20:31:10","date_gmt":"2016-01-14T20:31:10","guid":{"rendered":"https:\/\/www.thepornlist.net\/de\/image-gallery-sites\/sex-babe\/"},"modified":"2019-05-07T10:17:52","modified_gmt":"2019-05-07T10:17:52","slug":"sex-babe","status":"publish","type":"page","link":"https:\/\/www.thepornlist.net\/de\/image-gallery-sites\/sex-babe\/","title":{"rendered":"sex-babe.net"},"content":{"rendered":"<div class=\"pb\">\n<div class=\"hd\">\n<a href=\"https:\/\/www.thepornlist.net\/de\/\" base target=\"_self\">Zur\u00fcck zur Startseite<\/a>\n<\/div>\n<div class=\"hd2\">\n<span style=\"font-style:normal;font-weight:bold;\">Seitenbewertung<\/span>\n<\/div>\n<\/div>\n<div style=\"width:100%; margin-left:auto; margin-right:auto; clear:both;z-index:1; padding-top:5px; border-radius: 2px;\">\n<div class=\"reviewimg\">\n<p><a href=\"http:\/\/www.sex-babe.net\/\" base target=\"_self\"><img decoding=\"async\" src=\"https:\/\/www.thepornlist.net\/wp-content\/uploads\/2015\/review\/sex-babe.jpg\" width=\"500\" height=\"500\" alt=\"Porn Tube\"><\/a><\/p>\n<\/div>\n<div class=\"reviewtitle\">\n<h1 style=\"font-family:Arial;font-size:56px;font-style:normal;font-weight:bold;color:#FF1F78;\">sex-babe<\/h1>\n<\/div>\n<div class=\"reviewsub\">\n<h2 style=\"font-size:14px;font-style:normal;font-weight:bold;\">sex-babe.net<\/H2>\n<\/div>\n<div class=\"reviewtext\">\n<span style=\"font-size:16px;font-style:normal;\">Sex-Babe.net ist eine Porno Webseite, wo du prachtvolle Frauen auf Bildern f\u00fcr Erwachsene bekommst. Im Moment haben sie nur 13 Seiten an Inhalt aber wir k\u00f6nnen hoffen, dass sie in Zukunft mehr und mehr Material hinzuf\u00fcgen werden.<\/br><\/p>\n<p>Willkommen bei Sex-Babe.net \u2013 BBW, blond, College, exklusiv, Party, Cumshot, Amateur, gro\u00dfer Arsch, Blowjob, Cumshots, Fetisch, interracial, reif, Pornostar, B\u00fcro, Beine, anal, br\u00fcnett, Doppelpenetration, lustig, japanisch, Milf, Pov, kleine Titten, Uniformen, 69, Paar, s\u00fc\u00df, asiatisch, gro\u00dfe Titten, Bukkake, Gangbang, Orgie, Muschi lecken, Striptease, Vintage, Strip, schwarz, Babe, Ber\u00fchmtheit, euro, Handjob, lesbisch, outdoor, rothaarig, Teen, Brille, doggystyle, klein, behaart und andere Nischen werden dich in der Navigationsleiste willkommen hei\u00dfen. Du kannst auch die Seite mit den Schlagworten sehen.<\/br><\/p>\n<p>Eine gro\u00dfe Suchfunktion wartet unter der Kopfleiste auf dich und auf der Homepage wirst du ihre letzten Ver\u00f6ffentlichungen sehen (wahrscheinlich). Wie ich gesagt habe, wirklich verdammt gutaussehende Babes machen Bilder, die du genie\u00dfen kannst. Jedes Vorschaubild zeigt dir einen Titel, eine Bewertung und die Anzahl der Stimmen. Wenn du englisch nicht magst, bedeutet dass, dass du diese Bewertung auf englisch nicht lesen kannst, aber du wirst trotzdem die Sprache bei Sex-Babes in deutsch \u00e4ndern k\u00f6nnen. Besuche diese Porno Webseite jetzt!<br \/>\n<\/span>\n<\/div>\n<div class=\"reviewsiteurl\">\n<a href=\"http:\/\/www.sex-babe.net\/\" base target=\"_self\"><span style=\"font-size:32px;font-style:normal;font-weight:bold;text-decoration:underline;\">Hier klicken, um die webseite zu besuchen <\/span><\/a>\n<\/div>\n<\/div>\n","protected":false},"excerpt":{"rendered":"<p>Zur\u00fcck zur Startseite Seitenbewertung sex-babe sex-babe.net Sex-Babe.net ist eine Porno Webseite, wo du prachtvolle Frauen auf Bildern f\u00fcr Erwachsene bekommst. Im Moment haben sie nur 13 Seiten an Inhalt aber wir k\u00f6nnen hoffen, dass sie in Zukunft mehr und mehr Material hinzuf\u00fcgen werden. Willkommen bei Sex-Babe.net \u2013 BBW, blond, College, exklusiv, Party, Cumshot, Amateur, gro\u00dfer <a href='https:\/\/www.thepornlist.net\/de\/image-gallery-sites\/sex-babe\/' class='excerpt-more'>[&#8230;]<\/a><\/p>\n","protected":false},"author":1,"featured_media":0,"parent":9763,"menu_order":28970,"comment_status":"closed","ping_status":"closed","template":"0-autofill-tpl-template.php","meta":{"_acf_changed":false,"footnotes":""},"tags":[],"acf":[],"aioseo_notices":[],"_links":{"self":[{"href":"https:\/\/www.thepornlist.net\/de\/wp-json\/wp\/v2\/pages\/9988"}],"collection":[{"href":"https:\/\/www.thepornlist.net\/de\/wp-json\/wp\/v2\/pages"}],"about":[{"href":"https:\/\/www.thepornlist.net\/de\/wp-json\/wp\/v2\/types\/page"}],"author":[{"embeddable":true,"href":"https:\/\/www.thepornlist.net\/de\/wp-json\/wp\/v2\/users\/1"}],"replies":[{"embeddable":true,"href":"https:\/\/www.thepornlist.net\/de\/wp-json\/wp\/v2\/comments?post=9988"}],"version-history":[{"count":0,"href":"https:\/\/www.thepornlist.net\/de\/wp-json\/wp\/v2\/pages\/9988\/revisions"}],"up":[{"embeddable":true,"href":"https:\/\/www.thepornlist.net\/de\/wp-json\/wp\/v2\/pages\/9763"}],"wp:attachment":[{"href":"https:\/\/www.thepornlist.net\/de\/wp-json\/wp\/v2\/media?parent=9988"}],"wp:term":[{"taxonomy":"post_tag","embeddable":true,"href":"https:\/\/www.thepornlist.net\/de\/wp-json\/wp\/v2\/tags?post=9988"}],"curies":[{"name":"wp","href":"https:\/\/api.w.org\/{rel}","templated":true}]}}