{"id":9989,"date":"2016-01-14T20:30:27","date_gmt":"2016-01-14T20:30:27","guid":{"rendered":"https:\/\/www.thepornlist.net\/de\/image-gallery-sites\/imagezog\/"},"modified":"2016-10-22T12:22:58","modified_gmt":"2016-10-22T12:22:58","slug":"imagezog","status":"publish","type":"page","link":"https:\/\/www.thepornlist.net\/de\/image-gallery-sites\/imagezog\/","title":{"rendered":"imagezog.com"},"content":{"rendered":"<div class=\"pb\">\n<div class=\"hd\">\n<a href=\"https:\/\/www.thepornlist.net\/de\/\" base target=\"_self\">Zur\u00fcck zur Startseite<\/a>\n<\/div>\n<div class=\"hd2\">\n<span style=\"font-style:normal;font-weight:bold;\">Seitenbewertung<\/span>\n<\/div>\n<\/div>\n<div style=\"width:100%; margin-left:auto; margin-right:auto; clear:both;z-index:1; padding-top:5px; border-radius: 2px;\">\n<div class=\"reviewimg\">\n<p><a href=\"http:\/\/www.imagezog.com\/?promo=12259\" base target=\"_self\"><img decoding=\"async\" src=\"https:\/\/www.thepornlist.net\/wp-content\/uploads\/2015\/review\/imagezog.jpg\" width=\"500\" height=\"500\" alt=\"Porn Tube\"><\/a><\/p>\n<\/div>\n<div class=\"reviewtitle\">\n<h1 style=\"font-family:Arial;font-size:56px;font-style:normal;font-weight:bold;color:#FF1F78;\">imagezog<\/h1>\n<\/div>\n<div class=\"reviewsub\">\n<h2 style=\"font-size:14px;font-style:normal;font-weight:bold;\">imagezog.com<\/H2>\n<\/div>\n<div class=\"reviewtext\">\n<span style=\"font-size:16px;font-style:normal;\">ImageZog.com ist eine gut bekannte Porno Webseite. Vom ersten Augenblick an, wirst du bemerken, was du hier finden wirst \u2013 Porno Bilder und Porno GIFs. Ich machte GIFs schon immer und darum wird ImageZog einer meiner Lieblingsorte im Internet werden.<\/br><\/p>\n<p>Willkommen bei ImageZog, eine einfache und verst\u00e4ndliche Porno Seite, die dir ein leicht zu benutzendes Layout bietet voller Porno Bilder und Bildern in Bewegung. Sie arbeitet in einem Pin und Repin Stil und ich vermute, dass du schon wei\u00dft, was das ist. Die Homepage zeigt dir klasse Ver\u00f6ffentlichungen und zu jedem Post wirst du die Anzahl der Repins, Likes und Kommentare sehen.<\/br><\/p>\n<p>Das Men\u00fc gibt dir Zugang zu ihren Kategorien (alle beliebten Nischen und mehr), zu den neuesten Ver\u00f6ffentlichungen, beliebten, Schlagworten, Top Nutzer und du wirst auch die M\u00f6glichkeit haben die Sprache zu \u00e4ndern. Wenn du nach etwas ganz Bestimmtem suchen willst, kannst du gerne den Kasten mit der Suche verwenden in den du Schl\u00fcsselw\u00f6rter eingeben musst um das zu finden, was dich gl\u00fccklich macht.Wenn du ein Bild vergr\u00f6\u00dfern willst, klicke darauf. Du wirst auch eine Beschreibung und die Schlagworte sehen unter denen es hinzugef\u00fcgt wurde.<br \/>\n<\/span>\n<\/div>\n<div class=\"reviewsiteurl\">\n<a href=\"http:\/\/www.imagezog.com\/?promo=12259\" base target=\"_self\"><span style=\"font-size:32px;font-style:normal;font-weight:bold;text-decoration:underline;\">Hier klicken, um die webseite zu besuchen <\/span><\/a>\n<\/div>\n<\/div>\n","protected":false},"excerpt":{"rendered":"<p>Zur\u00fcck zur Startseite Seitenbewertung imagezog imagezog.com ImageZog.com ist eine gut bekannte Porno Webseite. Vom ersten Augenblick an, wirst du bemerken, was du hier finden wirst \u2013 Porno Bilder und Porno GIFs. Ich machte GIFs schon immer und darum wird ImageZog einer meiner Lieblingsorte im Internet werden. Willkommen bei ImageZog, eine einfache und verst\u00e4ndliche Porno Seite, <a href='https:\/\/www.thepornlist.net\/de\/image-gallery-sites\/imagezog\/' class='excerpt-more'>[&#8230;]<\/a><\/p>\n","protected":false},"author":1,"featured_media":0,"parent":9763,"menu_order":33450,"comment_status":"closed","ping_status":"closed","template":"0-autofill-tpl-template.php","meta":{"_acf_changed":false,"footnotes":""},"tags":[],"acf":[],"aioseo_notices":[],"_links":{"self":[{"href":"https:\/\/www.thepornlist.net\/de\/wp-json\/wp\/v2\/pages\/9989"}],"collection":[{"href":"https:\/\/www.thepornlist.net\/de\/wp-json\/wp\/v2\/pages"}],"about":[{"href":"https:\/\/www.thepornlist.net\/de\/wp-json\/wp\/v2\/types\/page"}],"author":[{"embeddable":true,"href":"https:\/\/www.thepornlist.net\/de\/wp-json\/wp\/v2\/users\/1"}],"replies":[{"embeddable":true,"href":"https:\/\/www.thepornlist.net\/de\/wp-json\/wp\/v2\/comments?post=9989"}],"version-history":[{"count":0,"href":"https:\/\/www.thepornlist.net\/de\/wp-json\/wp\/v2\/pages\/9989\/revisions"}],"up":[{"embeddable":true,"href":"https:\/\/www.thepornlist.net\/de\/wp-json\/wp\/v2\/pages\/9763"}],"wp:attachment":[{"href":"https:\/\/www.thepornlist.net\/de\/wp-json\/wp\/v2\/media?parent=9989"}],"wp:term":[{"taxonomy":"post_tag","embeddable":true,"href":"https:\/\/www.thepornlist.net\/de\/wp-json\/wp\/v2\/tags?post=9989"}],"curies":[{"name":"wp","href":"https:\/\/api.w.org\/{rel}","templated":true}]}}