{"id":9990,"date":"2016-01-11T12:54:57","date_gmt":"2016-01-11T12:54:57","guid":{"rendered":"https:\/\/www.thepornlist.net\/de\/porn-tube-sites\/xxvideos\/"},"modified":"2019-05-24T11:22:28","modified_gmt":"2019-05-24T11:22:28","slug":"xxvideos","status":"publish","type":"page","link":"https:\/\/www.thepornlist.net\/de\/porn-tube-sites\/xxvideos\/","title":{"rendered":"xxvideos.xxx"},"content":{"rendered":"<div class=\"pb\">\n<div class=\"hd\">\n<a href=\"https:\/\/www.thepornlist.net\/de\/\" base target=\"_self\">Zur\u00fcck zur Startseite<\/a>\n<\/div>\n<div class=\"hd2\">\n<span style=\"font-style:normal;font-weight:bold;\">Seitenbewertung<\/span>\n<\/div>\n<\/div>\n<div style=\"width:100%; margin-left:auto; margin-right:auto; clear:both;z-index:1; padding-top:5px; border-radius: 2px;\">\n<div class=\"reviewimg\">\n<p><a href=\"http:\/\/www.xxvideos.xxx\/\" rel=\"nofollow\" base target=\"_self\"><img decoding=\"async\" src=\"https:\/\/www.thepornlist.net\/wp-content\/uploads\/2015\/review\/xxvideos.jpg\" width=\"500\" height=\"500\" alt=\"Porn Tube\"><\/a><\/p>\n<\/div>\n<div class=\"reviewtitle\">\n<h1 style=\"font-family:Arial;font-size:56px;font-style:normal;font-weight:bold;color:#FF1F78;\">xxvideos<\/h1>\n<\/div>\n<div class=\"reviewsub\">\n<h2 style=\"font-size:14px;font-style:normal;font-weight:bold;\">xxvideos.xxx<\/H2>\n<\/div>\n<div class=\"reviewtext\">\n<span style=\"font-size:16px;font-style:normal;\">Amateur, anal, asiatisch, gro\u00dfe Titten, Creampie, interracial, Lesben, reif, Teen, hardcore, Babe, blond, Latinas und viele andere Nischen befinden sich auf XXVideos.XXX. Es ist eine Porno Tube, nicht die am besten aussehende, aber sie ist in Ordnung und wird ihren Job ziemlich gut machen. <\/br><\/p>\n<p>Die Homepage von XXXVideos wird dir die Videos zeigen, die gerade angeschaut werden und darunter kannst du einen Blick auf ihre neuesten Videos werfen. Das kannst du \u00e4ndern in die meist bewerteten, die meist gesehenen und die am meisten diskutierten. Die Navigationsleiste wird dir Schaltfl\u00e4chen bieten um alle Videos, alle Kategorien, die Top bewerteten Videos, einen Pornostar Index und eine Suchfunktion zu sehen und zu nutzen. \u00dcber die Suche kannst du, basieren auf deinen Schl\u00fcsselw\u00f6rtern, den Inhalt, den du sehen m\u00f6chtest, filtern. <\/br><\/p>\n<p>Jedes Update hat ein Vorschaubild und daneben wirst du den Titel, die Anzahl der Klicks und die Bewertung des Videos sehen. Du kannst jedes Video genie\u00dfen, kommentieren oder als Favoriten markieren. Du kannst sie sogar bei sozialen Netzwerken teilen aber jedes mal wenn ich das sehe, kommt mir wieder eine alte Frage in den Sinn \u2013 wer will auf Facebook ein Porno Video teilen? Oder noch besser, wird Facebook das akzeptieren?<br \/>\n<\/span>\n<\/div>\n<div class=\"reviewsiteurl\">\n<a href=\"http:\/\/www.xxvideos.xxx\/\" rel=\"nofollow\" base target=\"_self\"><span style=\"font-size:32px;font-style:normal;font-weight:bold;text-decoration:underline;\">Hier klicken, um die webseite zu besuchen <\/span><\/a>\n<\/div>\n<\/div>\n","protected":false},"excerpt":{"rendered":"<p>Zur\u00fcck zur Startseite Seitenbewertung xxvideos xxvideos.xxx Amateur, anal, asiatisch, gro\u00dfe Titten, Creampie, interracial, Lesben, reif, Teen, hardcore, Babe, blond, Latinas und viele andere Nischen befinden sich auf XXVideos.XXX. Es ist eine Porno Tube, nicht die am besten aussehende, aber sie ist in Ordnung und wird ihren Job ziemlich gut machen. Die Homepage von XXXVideos wird <a href='https:\/\/www.thepornlist.net\/de\/porn-tube-sites\/xxvideos\/' class='excerpt-more'>[&#8230;]<\/a><\/p>\n","protected":false},"author":1,"featured_media":0,"parent":9407,"menu_order":47170,"comment_status":"closed","ping_status":"closed","template":"0-autofill-tpl-template.php","meta":{"_acf_changed":false,"footnotes":""},"tags":[],"acf":[],"aioseo_notices":[],"_links":{"self":[{"href":"https:\/\/www.thepornlist.net\/de\/wp-json\/wp\/v2\/pages\/9990"}],"collection":[{"href":"https:\/\/www.thepornlist.net\/de\/wp-json\/wp\/v2\/pages"}],"about":[{"href":"https:\/\/www.thepornlist.net\/de\/wp-json\/wp\/v2\/types\/page"}],"author":[{"embeddable":true,"href":"https:\/\/www.thepornlist.net\/de\/wp-json\/wp\/v2\/users\/1"}],"replies":[{"embeddable":true,"href":"https:\/\/www.thepornlist.net\/de\/wp-json\/wp\/v2\/comments?post=9990"}],"version-history":[{"count":0,"href":"https:\/\/www.thepornlist.net\/de\/wp-json\/wp\/v2\/pages\/9990\/revisions"}],"up":[{"embeddable":true,"href":"https:\/\/www.thepornlist.net\/de\/wp-json\/wp\/v2\/pages\/9407"}],"wp:attachment":[{"href":"https:\/\/www.thepornlist.net\/de\/wp-json\/wp\/v2\/media?parent=9990"}],"wp:term":[{"taxonomy":"post_tag","embeddable":true,"href":"https:\/\/www.thepornlist.net\/de\/wp-json\/wp\/v2\/tags?post=9990"}],"curies":[{"name":"wp","href":"https:\/\/api.w.org\/{rel}","templated":true}]}}