{"id":9993,"date":"2016-01-11T12:54:49","date_gmt":"2016-01-11T12:54:49","guid":{"rendered":"https:\/\/www.thepornlist.net\/de\/porn-tube-sites\/sunporno\/"},"modified":"2019-05-23T13:11:26","modified_gmt":"2019-05-23T13:11:26","slug":"sunporno","status":"publish","type":"page","link":"https:\/\/www.thepornlist.net\/de\/porn-tube-sites\/sunporno\/","title":{"rendered":"sunporno.com"},"content":{"rendered":"<div class=\"pb\">\n<div class=\"hd\">\n<a href=\"https:\/\/www.thepornlist.net\/de\/\" base target=\"_self\">Zur\u00fcck zur Startseite<\/a>\n<\/div>\n<div class=\"hd2\">\n<span style=\"font-style:normal;font-weight:bold;\">Seitenbewertung<\/span>\n<\/div>\n<\/div>\n<div style=\"width:100%; margin-left:auto; margin-right:auto; clear:both;z-index:1; padding-top:5px; border-radius: 2px;\">\n<div class=\"reviewimg\">\n<p><a href=\"http:\/\/www.sunporno.com\/\" rel=\"nofollow\" base target=\"_self\"><img decoding=\"async\" src=\"https:\/\/www.thepornlist.net\/wp-content\/uploads\/2015\/review\/sunporno.jpg\" width=\"500\" height=\"500\" alt=\"Porn Tube\"><\/a><\/p>\n<\/div>\n<div class=\"reviewtitle\">\n<h1 style=\"font-family:Arial;font-size:56px;font-style:normal;font-weight:bold;color:#FF1F78;\">sunporno<\/h1>\n<\/div>\n<div class=\"reviewsub\">\n<h2 style=\"font-size:14px;font-style:normal;font-weight:bold;\">sunporno.com<\/H2>\n<\/div>\n<div class=\"reviewtext\">\n<span style=\"font-size:16px;font-style:normal;\">Heterosexuell, schwul oder transsexuell? Welche Art von Porno gef\u00e4llt dir gerade? SunPorno.com ist hier um dir Pornos aus allen Nischen zu geben und um deine Vorliebe zu \u00e4ndern, musst du das Aufklappmen\u00fc verwenden, das sich in der linken oberen Ecke der Titelleiste befindet. Mit seinem gro\u00dfartigen Layout erm\u00f6glicht SunPorno dir sogar die Sprache zu \u00e4ndern. Lass uns beginnen&#8230; <\/br><\/p>\n<p>Die Homepage wird dir die k\u00fcrzlich kommentierten Videos in einem Reiter \u00e4hnlichen Bereich zeigen. Darunter hast du einen Bereich, der Videos hei\u00dft wo du (wahrscheinlich) die neuesten Updates sehen wirst. Scrolle runter bis du eine Schaltfl\u00e4che erreichst auf der Mehr sehen steht. Nat\u00fcrlich solltest du darauf klicken wenn du mehr sehen willst.  <\/br><\/p>\n<p>Die rechte Seitenleiste erlaubt dir deine Ergebnisse zu filtern mit Optionen wie Zeitraum des Updates, L\u00e4nge und Kategorie \u2013 Amateur, anal, asiatisch, Babes, Badezimmer, BBW, BDSM, Schlafzimmer, gro\u00dfer Arsch, gro\u00dfe Titten, Blowjob, Bondage, Br\u00fcnette, Hintern, Auto, Cartoons, Casting, CFNM, Klassenzimmer, College, Creampie, Cumshots, deepthroat und mehr. Die Navigationsleiste erm\u00f6glicht dir den Zugriff auf alle diese Kategorien, eine Foto Seite, einen  Pornostar Index, ihre Gemeinschaft (melde einen Account daf\u00fcr an) und du hast sogar Zugriff auf die letzten Suchen die bei SunPorno gemacht wurden um zu erfahren, was andere sehen wollten.<br \/>\n<\/span>\n<\/div>\n<div class=\"reviewsiteurl\">\n<a href=\"http:\/\/www.sunporno.com\/\" rel=\"nofollow\" base target=\"_self\"><span style=\"font-size:32px;font-style:normal;font-weight:bold;text-decoration:underline;\">Hier klicken, um die webseite zu besuchen <\/span><\/a>\n<\/div>\n<\/div>\n","protected":false},"excerpt":{"rendered":"<p>Zur\u00fcck zur Startseite Seitenbewertung sunporno sunporno.com Heterosexuell, schwul oder transsexuell? Welche Art von Porno gef\u00e4llt dir gerade? SunPorno.com ist hier um dir Pornos aus allen Nischen zu geben und um deine Vorliebe zu \u00e4ndern, musst du das Aufklappmen\u00fc verwenden, das sich in der linken oberen Ecke der Titelleiste befindet. Mit seinem gro\u00dfartigen Layout erm\u00f6glicht SunPorno <a href='https:\/\/www.thepornlist.net\/de\/porn-tube-sites\/sunporno\/' class='excerpt-more'>[&#8230;]<\/a><\/p>\n","protected":false},"author":1,"featured_media":0,"parent":9407,"menu_order":46070,"comment_status":"closed","ping_status":"closed","template":"0-autofill-tpl-template.php","meta":{"_acf_changed":false,"footnotes":""},"tags":[],"acf":[],"aioseo_notices":[],"_links":{"self":[{"href":"https:\/\/www.thepornlist.net\/de\/wp-json\/wp\/v2\/pages\/9993"}],"collection":[{"href":"https:\/\/www.thepornlist.net\/de\/wp-json\/wp\/v2\/pages"}],"about":[{"href":"https:\/\/www.thepornlist.net\/de\/wp-json\/wp\/v2\/types\/page"}],"author":[{"embeddable":true,"href":"https:\/\/www.thepornlist.net\/de\/wp-json\/wp\/v2\/users\/1"}],"replies":[{"embeddable":true,"href":"https:\/\/www.thepornlist.net\/de\/wp-json\/wp\/v2\/comments?post=9993"}],"version-history":[{"count":0,"href":"https:\/\/www.thepornlist.net\/de\/wp-json\/wp\/v2\/pages\/9993\/revisions"}],"up":[{"embeddable":true,"href":"https:\/\/www.thepornlist.net\/de\/wp-json\/wp\/v2\/pages\/9407"}],"wp:attachment":[{"href":"https:\/\/www.thepornlist.net\/de\/wp-json\/wp\/v2\/media?parent=9993"}],"wp:term":[{"taxonomy":"post_tag","embeddable":true,"href":"https:\/\/www.thepornlist.net\/de\/wp-json\/wp\/v2\/tags?post=9993"}],"curies":[{"name":"wp","href":"https:\/\/api.w.org\/{rel}","templated":true}]}}