{"id":9995,"date":"2016-01-11T12:54:45","date_gmt":"2016-01-11T12:54:45","guid":{"rendered":"https:\/\/www.thepornlist.net\/de\/porn-tube-sites\/iceporn\/"},"modified":"2019-05-23T13:10:19","modified_gmt":"2019-05-23T13:10:19","slug":"iceporn","status":"publish","type":"page","link":"https:\/\/www.thepornlist.net\/de\/porn-tube-sites\/iceporn\/","title":{"rendered":"iceporn.com"},"content":{"rendered":"<div class=\"pb\">\n<div class=\"hd\">\n<a href=\"https:\/\/www.thepornlist.net\/de\/\" base target=\"_self\">Zur\u00fcck zur Startseite<\/a>\n<\/div>\n<div class=\"hd2\">\n<span style=\"font-style:normal;font-weight:bold;\">Seitenbewertung<\/span>\n<\/div>\n<\/div>\n<div style=\"width:100%; margin-left:auto; margin-right:auto; clear:both;z-index:1; padding-top:5px; border-radius: 2px;\">\n<div class=\"reviewimg\">\n<p><a href=\"http:\/\/www.iceporn.com\/\" rel=\"nofollow\" base target=\"_self\"><img decoding=\"async\" src=\"https:\/\/www.thepornlist.net\/wp-content\/uploads\/2015\/review\/iceporn.jpg\" width=\"500\" height=\"500\" alt=\"Porn Tube\"><\/a><\/p>\n<\/div>\n<div class=\"reviewtitle\">\n<h1 style=\"font-family:Arial;font-size:56px;font-style:normal;font-weight:bold;color:#FF1F78;\">iceporn<\/h1>\n<\/div>\n<div class=\"reviewsub\">\n<h2 style=\"font-size:14px;font-style:normal;font-weight:bold;\">iceporn.com<\/H2>\n<\/div>\n<div class=\"reviewtext\">\n<span style=\"font-size:16px;font-style:normal;\">Ihre Worte: \u201e IcePorn.com begr\u00fc\u00dft dich bei der wahren Schatzkammer f\u00fcr kostenlose Pornos \u2013 eine gratis Sex Tube wo keiner deiner Tr\u00e4ume zu schmutzig ist um nicht wahr werden zu k\u00f6nnen! Wir haben tonnenweise kostenlose Sex Filme in voller L\u00e4nge in Top Qualit\u00e4t und wir geben sie dir alle \u2013 ohne weitere Bedingungen! Was auch immer du sehen willst ist garantiert hier auf den Seiten unserer Webseite zwischen Tausenden von erstaunlichen XXX Filmen. Und hier dreht sich nicht alles nur um die Gr\u00f6\u00dfe \u2013 auch wenn die Gr\u00f6\u00dfe definitiv eine Rolle spielt. Wir planen aus IcePorn.com eine Porno Tube zu machen, in der nur die geilsten Filme hochgeladen werden. Wir beabsichtigen das zu erreichen indem wir nur handverlesene Videos in voller L\u00e4nge und bester Qualit\u00e4t hinzuf\u00fcgen und nur wirklich aufregende. Unsere Jungs, die die Inhalte suchen, machen einen tollen Job und finden gro\u00dfartige XXX Clips aus dem ganzen Netz f\u00fcr dich. Wir hoffen, dass du genie\u00dfen wirst, was sie hier gesammelt haben. Und der letzte Clip wird garantiert nicht der allerletzte sein&#8230; IcePorn.com w\u00e4chst mit wahnsinniger Geschwindigkeit dank all der Updates, die regelm\u00e4\u00dfig von unserem tollen Team ver\u00f6ffentlicht werden.\u201c <\/br><\/p>\n<p>Meine Worte: erstaunliches Layout, \u00fcber 13.000 Seiten voll mit Hunderttausenden an Videos zum Zeitpunkt dieser Bewertung! <\/br><\/p>\n<p>Schlussfolgerung: Besuch sie denn sie ist es wert!<\/p>\n<p><\/span>\n<\/div>\n<div class=\"reviewsiteurl\">\n<a href=\"http:\/\/www.iceporn.com\/\" rel=\"nofollow\" base target=\"_self\"><span style=\"font-size:32px;font-style:normal;font-weight:bold;text-decoration:underline;\">Hier klicken, um die webseite zu besuchen <\/span><\/a>\n<\/div>\n<\/div>\n","protected":false},"excerpt":{"rendered":"<p>Zur\u00fcck zur Startseite Seitenbewertung iceporn iceporn.com Ihre Worte: \u201e IcePorn.com begr\u00fc\u00dft dich bei der wahren Schatzkammer f\u00fcr kostenlose Pornos \u2013 eine gratis Sex Tube wo keiner deiner Tr\u00e4ume zu schmutzig ist um nicht wahr werden zu k\u00f6nnen! Wir haben tonnenweise kostenlose Sex Filme in voller L\u00e4nge in Top Qualit\u00e4t und wir geben sie dir alle <a href='https:\/\/www.thepornlist.net\/de\/porn-tube-sites\/iceporn\/' class='excerpt-more'>[&#8230;]<\/a><\/p>\n","protected":false},"author":1,"featured_media":0,"parent":9407,"menu_order":42290,"comment_status":"closed","ping_status":"closed","template":"0-autofill-tpl-template.php","meta":{"_acf_changed":false,"footnotes":""},"tags":[],"acf":[],"aioseo_notices":[],"_links":{"self":[{"href":"https:\/\/www.thepornlist.net\/de\/wp-json\/wp\/v2\/pages\/9995"}],"collection":[{"href":"https:\/\/www.thepornlist.net\/de\/wp-json\/wp\/v2\/pages"}],"about":[{"href":"https:\/\/www.thepornlist.net\/de\/wp-json\/wp\/v2\/types\/page"}],"author":[{"embeddable":true,"href":"https:\/\/www.thepornlist.net\/de\/wp-json\/wp\/v2\/users\/1"}],"replies":[{"embeddable":true,"href":"https:\/\/www.thepornlist.net\/de\/wp-json\/wp\/v2\/comments?post=9995"}],"version-history":[{"count":0,"href":"https:\/\/www.thepornlist.net\/de\/wp-json\/wp\/v2\/pages\/9995\/revisions"}],"up":[{"embeddable":true,"href":"https:\/\/www.thepornlist.net\/de\/wp-json\/wp\/v2\/pages\/9407"}],"wp:attachment":[{"href":"https:\/\/www.thepornlist.net\/de\/wp-json\/wp\/v2\/media?parent=9995"}],"wp:term":[{"taxonomy":"post_tag","embeddable":true,"href":"https:\/\/www.thepornlist.net\/de\/wp-json\/wp\/v2\/tags?post=9995"}],"curies":[{"name":"wp","href":"https:\/\/api.w.org\/{rel}","templated":true}]}}